{"id":221,"date":"2022-10-27T22:58:17","date_gmt":"2022-10-27T22:58:17","guid":{"rendered":"https:\/\/gpsites.co\/info\/?page_id=221"},"modified":"2026-03-15T17:01:37","modified_gmt":"2026-03-15T20:01:37","slug":"blog","status":"publish","type":"page","link":"https:\/\/dicasdereforma.com.br\/id\/blog\/","title":{"rendered":"Blog"},"content":{"rendered":"","protected":false},"excerpt":{"rendered":"<p>Acesse o blog do Dicas de Reforma e leia artigos pr\u00e1ticos sobre reforma, constru\u00e7\u00e3o civil, decora\u00e7\u00e3o e muito mais.<\/p>","protected":false},"author":5,"featured_media":0,"parent":0,"menu_order":0,"comment_status":"closed","ping_status":"closed","template":"","meta":{"_eb_attr":"","footnotes":""},"class_list":["post-221","page","type-page","status-publish","hentry"],"blocksy_meta":[],"featured_image_urls_v2":{"full":"","thumbnail":"","medium":"","medium_large":"","large":"","1536x1536":"","2048x2048":"","trp-custom-language-flag":"","web-stories-poster-portrait":"","web-stories-publisher-logo":"","web-stories-thumbnail":""},"post_excerpt_stackable_v2":"<p>Acesse o blog do Dicas de Reforma e leia artigos pr\u00e1ticos sobre reforma, constru\u00e7\u00e3o civil, decora\u00e7\u00e3o e muito mais.<\/p>\n","category_list_v2":"","author_info_v2":{"name":"Leandro Medeiros","url":"https:\/\/dicasdereforma.com.br\/id\/autor\/lemedeiros\/"},"comments_num_v2":"0 comments","_links":{"self":[{"href":"https:\/\/dicasdereforma.com.br\/id\/wp-json\/wp\/v2\/pages\/221","targetHints":{"allow":["GET"]}}],"collection":[{"href":"https:\/\/dicasdereforma.com.br\/id\/wp-json\/wp\/v2\/pages"}],"about":[{"href":"https:\/\/dicasdereforma.com.br\/id\/wp-json\/wp\/v2\/types\/page"}],"author":[{"embeddable":true,"href":"https:\/\/dicasdereforma.com.br\/id\/wp-json\/wp\/v2\/users\/5"}],"replies":[{"embeddable":true,"href":"https:\/\/dicasdereforma.com.br\/id\/wp-json\/wp\/v2\/comments?post=221"}],"version-history":[{"count":3,"href":"https:\/\/dicasdereforma.com.br\/id\/wp-json\/wp\/v2\/pages\/221\/revisions"}],"predecessor-version":[{"id":48240,"href":"https:\/\/dicasdereforma.com.br\/id\/wp-json\/wp\/v2\/pages\/221\/revisions\/48240"}],"wp:attachment":[{"href":"https:\/\/dicasdereforma.com.br\/id\/wp-json\/wp\/v2\/media?parent=221"}],"curies":[{"name":"wp","href":"https:\/\/api.w.org\/{rel}","templated":true}]}}